{"id":5615,"date":"2024-09-03T01:20:24","date_gmt":"2024-09-02T23:20:24","guid":{"rendered":"https:\/\/retrohandhelds.de\/sobre-nosotros\/"},"modified":"2024-10-11T02:04:31","modified_gmt":"2024-10-11T00:04:31","slug":"sobre-nosotros","status":"publish","type":"page","link":"https:\/\/retrohandhelds.de\/es\/sobre-nosotros\/","title":{"rendered":"Sobre nosotros"},"content":{"rendered":"\t\t<div data-elementor-type=\"wp-page\" data-elementor-id=\"5615\" class=\"elementor elementor-5615 elementor-5173\" data-elementor-post-type=\"page\">\n\t\t\t\t<div data-particle_enable=\"false\" data-particle-mobile-disabled=\"false\" class=\"elementor-element elementor-element-f437844 e-flex e-con-boxed e-con e-parent\" data-id=\"f437844\" data-element_type=\"container\">\n\t\t\t\t\t<div class=\"e-con-inner\">\n\t\t\t\t<div class=\"elementor-element elementor-element-50489f4 elementor-widget elementor-widget-heading\" data-id=\"50489f4\" data-element_type=\"widget\" data-widget_type=\"heading.default\">\n\t\t\t\t<div class=\"elementor-widget-container\">\n\t\t\t<h1 class=\"elementor-heading-title elementor-size-default\">Todo sobre Retrohandhelds.de<\/h1>\t\t<\/div>\n\t\t\t\t<\/div>\n\t\t\t\t<div class=\"elementor-element elementor-element-73049f0 elementor-widget elementor-widget-text-editor\" data-id=\"73049f0\" data-element_type=\"widget\" data-widget_type=\"text-editor.default\">\n\t\t\t\t<div class=\"elementor-widget-container\">\n\t\t\t\t\t\t\t<div class=\"flex-shrink-0 flex flex-col relative items-end\">\n<div>\n<div class=\"pt-0\">\n<div class=\"gizmo-bot-avatar flex h-8 w-8 items-center justify-center overflow-hidden rounded-full\">\n<div class=\"relative p-1 rounded-sm flex items-center justify-center bg-token-main-surface-primary text-token-text-primary h-8 w-8\"> <\/div>\n<\/div>\n<\/div>\n<\/div>\n<\/div>\n<div class=\"group\/conversation-turn relative flex w-full min-w-0 flex-col agent-turn\">\n<div class=\"flex-col gap-1 md:gap-3\">\n<div class=\"flex max-w-full flex-col flex-grow\">\n<div class=\"min-h-[20px] text-message flex w-full flex-col items-end gap-2 break-words [.text-message+&amp;]:mt-5 overflow-x-auto whitespace-normal\" dir=\"auto\" data-message-author-role=\"assistant\" data-message-id=\"01849538-f738-4a03-a95e-e4a9ce2fc26b\">\n<div class=\"flex w-full flex-col gap-1 empty:hidden first:pt-[3px]\">\n<div class=\"markdown prose w-full break-words dark:prose-invert dark\">\n<p>Bienvenido a Retrohandhelds.de, tu tienda \u00fanica para los juegos nost\u00e1lgicos y la fascinaci\u00f3n por las consolas retro.<br \/>\nDesde nuestra fundaci\u00f3n en 2024, somos un equipo apasionado centrado en reavivar la alegr\u00eda de los juegos cl\u00e1sicos.<br \/>\nCon nuestra amplia selecci\u00f3n de juegos y consolas atemporales, atraemos tanto a los jugadores empedernidos como a los coleccionistas.  <\/p>\n<p><strong>Nuestra visi\u00f3n<\/strong><\/p>\n<p>En Retrohandhelds.de, nos dedicamos a preservar la rica tradici\u00f3n de la historia de los videojuegos y a hacerla accesible a todo el mundo.<br \/>\nEstamos convencidos de que los juegos retro son mucho m\u00e1s que un pasatiempo: son una pieza de cultura y arte que merece ser honrada.<br \/>\nNuestro objetivo es darte la oportunidad de revivir la edad de oro de los videojuegos mediante productos de alta calidad y una experiencia de compra agradable.  <\/p>\n<p><strong>Nuestra oferta<\/strong><\/p>\n<p>Ofrecemos una amplia gama de juegos raros, cl\u00e1sicos favoritos, consolas cuidadosamente restauradas y accesorios de primera clase.<br \/>\nCada producto se selecciona y prueba cuidadosamente para garantizar que cumple nuestros elevados est\u00e1ndares de calidad y funcionalidad. <\/p>\n<p><strong>Nuestra promesa de servicio<\/strong><\/p>\n<p>Tu satisfacci\u00f3n es nuestra m\u00e1xima prioridad.<br \/>\nHacemos todo lo posible por ofrecerte un servicio y una asistencia excelentes para que tu experiencia de compra sea positiva.<br \/>\nTanto si eres un jugador retro experimentado como si acabas de iniciarte en este fascinante mundo, nuestro equipo de expertos est\u00e1 siempre a tu disposici\u00f3n para ayudarte.  <\/p>\n<p><strong>\u00bfPor qu\u00e9 Retrohandhelds.de?<\/strong><\/p>\n<ul>\n<li>Productos aut\u00e9nticos y cuidadosamente probados<\/li>\n<li>Una amplia selecci\u00f3n de juegos y consolas retro<\/li>\n<li>Atenci\u00f3n al cliente amable y competente<\/li>\n<li>Experiencia de compra en l\u00ednea segura y sencilla<\/li>\n<li>Pasi\u00f3n por los juegos y participaci\u00f3n activa en la comunidad<\/li>\n<\/ul>\n<p><strong>Mantente en contacto<\/strong><\/p>\n<p>Descubre la diferencia en Retrohandhelds.de y forma parte de nuestra creciente comunidad de aficionados a los juegos retro.<br \/>\nPara preguntas, sugerencias o para compartir tus recuerdos de juegos favoritos, puedes ponerte en contacto con nosotros en <a rel=\"noopener\">support@retrohandhelds.de.<\/a><br \/>\nJuntos nos aseguraremos de que la magia de los juegos retro siga viva.  <\/p>\n<p>Acomp\u00e1\u00f1anos en nuestro viaje para traer al presente los cl\u00e1sicos de anta\u00f1o.<br \/>\nBienvenido a Retrohandhelds.de, donde los juegos retro nunca pasan de moda. <\/p>\n<\/div>\n<\/div>\n<\/div>\n<\/div>\n<\/div>\n<\/div>\n\t\t\t\t\t\t<\/div>\n\t\t\t\t<\/div>\n\t\t\t\t\t<\/div>\n\t\t\t\t<\/div>\n\t\t\t\t<\/div>\n\t\t","protected":false},"excerpt":{"rendered":"<p>Todo sobre Retrohandhelds.de Bienvenido a Retrohandhelds.de, tu tienda \u00fanica para los juegos nost\u00e1lgicos y la fascinaci\u00f3n por las consolas retro. Desde nuestra fundaci\u00f3n en 2024, somos un equipo apasionado centrado en reavivar la alegr\u00eda de los juegos cl\u00e1sicos. Con nuestra<a class=\"btn btn-link\" href=\"https:\/\/retrohandhelds.de\/es\/sobre-nosotros\/\">[&#8230;]<\/a><\/p>\n","protected":false},"author":1,"featured_media":0,"parent":0,"menu_order":0,"comment_status":"closed","ping_status":"closed","template":"","meta":{"_seopress_robots_primary_cat":"","_seopress_titles_title":"","_seopress_titles_desc":"","_seopress_robots_index":"","footnotes":""},"class_list":["post-5615","page","type-page","status-publish","hentry"],"_links":{"self":[{"href":"https:\/\/retrohandhelds.de\/es\/wp-json\/wp\/v2\/pages\/5615","targetHints":{"allow":["GET"]}}],"collection":[{"href":"https:\/\/retrohandhelds.de\/es\/wp-json\/wp\/v2\/pages"}],"about":[{"href":"https:\/\/retrohandhelds.de\/es\/wp-json\/wp\/v2\/types\/page"}],"author":[{"embeddable":true,"href":"https:\/\/retrohandhelds.de\/es\/wp-json\/wp\/v2\/users\/1"}],"replies":[{"embeddable":true,"href":"https:\/\/retrohandhelds.de\/es\/wp-json\/wp\/v2\/comments?post=5615"}],"version-history":[{"count":6,"href":"https:\/\/retrohandhelds.de\/es\/wp-json\/wp\/v2\/pages\/5615\/revisions"}],"predecessor-version":[{"id":8620,"href":"https:\/\/retrohandhelds.de\/es\/wp-json\/wp\/v2\/pages\/5615\/revisions\/8620"}],"wp:attachment":[{"href":"https:\/\/retrohandhelds.de\/es\/wp-json\/wp\/v2\/media?parent=5615"}],"curies":[{"name":"wp","href":"https:\/\/api.w.org\/{rel}","templated":true}]}}