{"id":7303,"date":"2024-09-06T23:55:39","date_gmt":"2024-09-06T21:55:39","guid":{"rendered":"https:\/\/retrohandhelds.de\/sitemap\/"},"modified":"2024-09-06T23:55:39","modified_gmt":"2024-09-06T21:55:39","slug":"sitemap","status":"publish","type":"page","link":"https:\/\/retrohandhelds.de\/es\/sitemap\/","title":{"rendered":"Sitemap"},"content":{"rendered":"\n<pre class=\"wp-block-preformatted\"><div class=\"wrap-html-sitemap sp-html-sitemap\"><div class=\"sp-wrap-cpt\"><h2 class=\"sp-cpt-name\">P\u00e1ginas<\/h2><ul class=\"sp-list-posts sp-cpt-hierarchical\"><li class=\"page_item page-item-9354\"><a href=\"https:\/\/retrohandhelds.de\/es\/widerrufsbelehrung\/\">Cancellation policy<\/a><\/li><li class=\"page_item page-item-9343\"><a href=\"https:\/\/retrohandhelds.de\/es\/terms-and-conditions\/\">Terms and Conditions<\/a><\/li><li class=\"page_item page-item-7386\"><a href=\"https:\/\/retrohandhelds.de\/es\/what-is-affiliate-marketing\/\">What is Affiliate Marketing?<\/a><\/li><li class=\"page_item page-item-7358\"><a href=\"https:\/\/retrohandhelds.de\/es\/dmca-policy\/\">DMCA Policy<\/a><\/li><li class=\"page_item page-item-7303\"><a href=\"https:\/\/retrohandhelds.de\/es\/sitemap\/\">Sitemap<\/a><\/li><li class=\"page_item page-item-5633\"><a href=\"https:\/\/retrohandhelds.de\/es\/preguntas-frecuentes\/\">PREGUNTAS FRECUENTES<\/a><\/li><li class=\"page_item page-item-5615\"><a href=\"https:\/\/retrohandhelds.de\/es\/sobre-nosotros\/\">Sobre nosotros<\/a><\/li><li class=\"page_item page-item-5688\"><a href=\"https:\/\/retrohandhelds.de\/es\/site-notice\/\">Site Notice<\/a><\/li><li class=\"page_item page-item-5417\"><a href=\"https:\/\/retrohandhelds.de\/es\/\">P\u00e1gina de inicio<\/a><\/li><li class=\"page_item page-item-5723\"><a href=\"https:\/\/retrohandhelds.de\/es\/privacy-policy\/\">Privacy Policy<\/a><\/li><li class=\"page_item page-item-7089 current_page_parent\"><a href=\"https:\/\/retrohandhelds.de\/es\/blog\/\">Blog<\/a><\/li><li class=\"page_item page-item-5752\"><a href=\"https:\/\/retrohandhelds.de\/es\/lista-de-deseos\/\">Lista de deseos<\/a><\/li><\/ul><\/div><div class=\"sp-wrap-cpt\"><h2 class=\"sp-cpt-name\">Entradas<\/h2><div class=\"sp-wrap-cats\"><div class=\"sp-wrap-cat\"><h3 class=\"sp-cat-name\"><a href=\"https:\/\/retrohandhelds.de\/es\/category\/blog-es\/\">Blog<\/a><\/h3><ul class=\"sp-list-posts\"><li><a href=\"https:\/\/retrohandhelds.de\/es\/lista-juegos-anbernic-rg35xx-plus\/\">Lista de juegos en el Anbernic RG35XX Plus<\/a><\/li><li><a href=\"https:\/\/retrohandhelds.de\/es\/lista-de-juegos-en-el-r36s\/\">Lista de juegos en el R36S<\/a><\/li><li><a href=\"https:\/\/retrohandhelds.de\/es\/arkos-v2-guia-de-instalacion-r36s\/\">Gu\u00eda de instalaci\u00f3n de ArkOS v2.0 para el R36S: Libera el potencial de tu dispositivo port\u00e1til<\/a><\/li><li><a href=\"https:\/\/retrohandhelds.de\/es\/emuladores-compatibles-r36s\/\">Emuladores compatibles con R36S<\/a><\/li><li><a href=\"https:\/\/retrohandhelds.de\/es\/juegos-en-r36s\/\">Esta es la cantidad de juegos que te ofrece el R36S<\/a><\/li><li><a href=\"https:\/\/retrohandhelds.de\/es\/datos-tecnicos-y-especificaciones-del-r36s\/\">Datos t\u00e9cnicos y especificaciones del R36S<\/a><\/li><\/ul><\/div><div class=\"sp-wrap-cat\"><h3 class=\"sp-cat-name\"><a href=\"https:\/\/retrohandhelds.de\/es\/category\/reviews-es\/\">Reviews<\/a><\/h3><\/div><\/div><\/div><\/div><\/pre>\n","protected":false},"excerpt":{"rendered":"","protected":false},"author":1,"featured_media":0,"parent":0,"menu_order":0,"comment_status":"closed","ping_status":"closed","template":"","meta":{"_seopress_robots_primary_cat":"","_seopress_titles_title":"","_seopress_titles_desc":"","_seopress_robots_index":"","footnotes":""},"class_list":["post-7303","page","type-page","status-publish","hentry"],"_links":{"self":[{"href":"https:\/\/retrohandhelds.de\/es\/wp-json\/wp\/v2\/pages\/7303","targetHints":{"allow":["GET"]}}],"collection":[{"href":"https:\/\/retrohandhelds.de\/es\/wp-json\/wp\/v2\/pages"}],"about":[{"href":"https:\/\/retrohandhelds.de\/es\/wp-json\/wp\/v2\/types\/page"}],"author":[{"embeddable":true,"href":"https:\/\/retrohandhelds.de\/es\/wp-json\/wp\/v2\/users\/1"}],"replies":[{"embeddable":true,"href":"https:\/\/retrohandhelds.de\/es\/wp-json\/wp\/v2\/comments?post=7303"}],"version-history":[{"count":0,"href":"https:\/\/retrohandhelds.de\/es\/wp-json\/wp\/v2\/pages\/7303\/revisions"}],"wp:attachment":[{"href":"https:\/\/retrohandhelds.de\/es\/wp-json\/wp\/v2\/media?parent=7303"}],"curies":[{"name":"wp","href":"https:\/\/api.w.org\/{rel}","templated":true}]}}