{"id":5625,"date":"2024-09-03T01:20:24","date_gmt":"2024-09-02T23:20:24","guid":{"rendered":"https:\/\/retrohandhelds.de\/a-propos-de-nous\/"},"modified":"2024-10-11T02:04:30","modified_gmt":"2024-10-11T00:04:30","slug":"a-propos-de-nous","status":"publish","type":"page","link":"https:\/\/retrohandhelds.de\/fr\/a-propos-de-nous\/","title":{"rendered":"\u00c0 propos de nous"},"content":{"rendered":"\t\t<div data-elementor-type=\"wp-page\" data-elementor-id=\"5625\" class=\"elementor elementor-5625 elementor-5173\" data-elementor-post-type=\"page\">\n\t\t\t\t<div data-particle_enable=\"false\" data-particle-mobile-disabled=\"false\" class=\"elementor-element elementor-element-f437844 e-flex e-con-boxed e-con e-parent\" data-id=\"f437844\" data-element_type=\"container\">\n\t\t\t\t\t<div class=\"e-con-inner\">\n\t\t\t\t<div class=\"elementor-element elementor-element-50489f4 elementor-widget elementor-widget-heading\" data-id=\"50489f4\" data-element_type=\"widget\" data-widget_type=\"heading.default\">\n\t\t\t\t<div class=\"elementor-widget-container\">\n\t\t\t<h1 class=\"elementor-heading-title elementor-size-default\">Tout sur Retrohandhelds.de<\/h1>\t\t<\/div>\n\t\t\t\t<\/div>\n\t\t\t\t<div class=\"elementor-element elementor-element-73049f0 elementor-widget elementor-widget-text-editor\" data-id=\"73049f0\" data-element_type=\"widget\" data-widget_type=\"text-editor.default\">\n\t\t\t\t<div class=\"elementor-widget-container\">\n\t\t\t\t\t\t\t<div class=\"flex-shrink-0 flex flex-col relative items-end\">\n<div>\n<div class=\"pt-0\">\n<div class=\"gizmo-bot-avatar flex h-8 w-8 items-center justify-center overflow-hidden rounded-full\">\n<div class=\"relative p-1 rounded-sm flex items-center justify-center bg-token-main-surface-primary text-token-text-primary h-8 w-8\"> <\/div>\n<\/div>\n<\/div>\n<\/div>\n<\/div>\n<div class=\"group\/conversation-turn relative flex w-full min-w-0 flex-col agent-turn\">\n<div class=\"flex-col gap-1 md:gap-3\">\n<div class=\"flex max-w-full flex-col flex-grow\">\n<div class=\"min-h-[20px] text-message flex w-full flex-col items-end gap-2 break-words [.text-message+&amp;]:mt-5 overflow-x-auto whitespace-normal\" dir=\"auto\" data-message-author-role=\"assistant\" data-message-id=\"01849538-f738-4a03-a95e-e4a9ce2fc26b\">\n<div class=\"flex w-full flex-col gap-1 empty:hidden first:pt-[3px]\">\n<div class=\"markdown prose w-full break-words dark:prose-invert dark\">\n<p>Bienvenue sur Retrohandhelds.de &#8211; votre point de contact pour le jeu nostalgique et la fascination des consoles r\u00e9tro.<br \/>\nDepuis notre cr\u00e9ation en 2024, nous sommes une \u00e9quipe passionn\u00e9e qui se concentre sur le renouveau du plaisir des jeux classiques.<br \/>\nAvec notre vaste s\u00e9lection de jeux et de consoles intemporels, nous nous adressons aussi bien aux joueurs inv\u00e9t\u00e9r\u00e9s qu&#8217;aux collectionneurs.  <\/p>\n<p><strong>Notre vision<\/strong><\/p>\n<p>Chez Retrohandhelds.de, nous nous sommes engag\u00e9s \u00e0 pr\u00e9server la riche tradition de l&#8217;histoire du jeu vid\u00e9o et \u00e0 la rendre accessible \u00e0 tous.<br \/>\nNous sommes convaincus que les jeux r\u00e9tro sont bien plus qu&#8217;un simple passe-temps &#8211; ils repr\u00e9sentent une part de culture et d&#8217;art qui m\u00e9rite d&#8217;\u00eatre appr\u00e9ci\u00e9e \u00e0 sa juste valeur.<br \/>\nNotre objectif est de vous permettre de revivre l&#8217;\u00e2ge d&#8217;or du jeu vid\u00e9o gr\u00e2ce \u00e0 des produits de qualit\u00e9 et \u00e0 une exp\u00e9rience d&#8217;achat agr\u00e9able.  <\/p>\n<p><strong>Notre offre<\/strong><\/p>\n<p>Nous proposons une large gamme de jeux rares, de classiques populaires, de consoles soigneusement remises \u00e0 neuf et d&#8217;accessoires de premi\u00e8re qualit\u00e9.<br \/>\nNous s\u00e9lectionnons et testons chaque produit avec le plus grand soin afin de nous assurer qu&#8217;il r\u00e9pond \u00e0 nos exigences \u00e9lev\u00e9es en mati\u00e8re de qualit\u00e9 et de fonctionnalit\u00e9. <\/p>\n<p><strong>Notre promesse de service<\/strong><\/p>\n<p>Votre satisfaction est notre priorit\u00e9.<br \/>\nNous mettons tout en \u0153uvre pour vous offrir un service et une assistance de qualit\u00e9, afin que votre exp\u00e9rience d&#8217;achat soit la plus positive possible.<br \/>\nQue vous soyez un joueur r\u00e9tro exp\u00e9riment\u00e9 ou que vous veniez de vous lancer dans ce monde fascinant, notre \u00e9quipe comp\u00e9tente est toujours pr\u00eate \u00e0 vous aider.  <\/p>\n<p><strong>Pourquoi Retrohandhelds.de ?<\/strong><\/p>\n<ul>\n<li>Des produits authentiques et soigneusement test\u00e9s<\/li>\n<li>Un large choix de jeux et de consoles r\u00e9tros<\/li>\n<li>Un service client amical et comp\u00e9tent<\/li>\n<li>Une exp\u00e9rience d&#8217;achat en ligne s\u00fbre et simple<\/li>\n<li>Passion pour les jeux et participation active \u00e0 la communaut\u00e9<\/li>\n<\/ul>\n<p><strong>Restez en contact<\/strong><\/p>\n<p>D\u00e9couvrez la diff\u00e9rence sur Retrohandhelds.de et rejoignez notre communaut\u00e9 grandissante de passionn\u00e9s de r\u00e9trogaming.<br \/>\nPour toute question, suggestion ou pour partager vos souvenirs de jeu pr\u00e9f\u00e9r\u00e9s, vous pouvez nous contacter \u00e0 l&#8217;<a rel=\"noopener\">adresse support@retrohandhelds.de.<\/a><br \/>\nEnsemble, nous faisons en sorte que la magie du r\u00e9trogaming reste vivante.  <\/p>\n<p>Rejoignez-nous dans notre voyage pour remettre les classiques d&#8217;antan au go\u00fbt du jour.<br \/>\nBienvenue sur Retrohandhelds.de &#8211; o\u00f9 le r\u00e9trogaming ne se d\u00e9mode jamais. <\/p>\n<\/div>\n<\/div>\n<\/div>\n<\/div>\n<\/div>\n<\/div>\n\t\t\t\t\t\t<\/div>\n\t\t\t\t<\/div>\n\t\t\t\t\t<\/div>\n\t\t\t\t<\/div>\n\t\t\t\t<\/div>\n\t\t","protected":false},"excerpt":{"rendered":"<p>Tout sur Retrohandhelds.de Bienvenue sur Retrohandhelds.de &#8211; votre point de contact pour le jeu nostalgique et la fascination des consoles r\u00e9tro. Depuis notre cr\u00e9ation en 2024, nous sommes une \u00e9quipe passionn\u00e9e qui se concentre sur le renouveau du plaisir des<a class=\"btn btn-link\" href=\"https:\/\/retrohandhelds.de\/fr\/a-propos-de-nous\/\">[&#8230;]<\/a><\/p>\n","protected":false},"author":1,"featured_media":0,"parent":0,"menu_order":0,"comment_status":"closed","ping_status":"closed","template":"","meta":{"_seopress_robots_primary_cat":"","_seopress_titles_title":"","_seopress_titles_desc":"","_seopress_robots_index":"","footnotes":""},"class_list":["post-5625","page","type-page","status-publish","hentry"],"_links":{"self":[{"href":"https:\/\/retrohandhelds.de\/fr\/wp-json\/wp\/v2\/pages\/5625","targetHints":{"allow":["GET"]}}],"collection":[{"href":"https:\/\/retrohandhelds.de\/fr\/wp-json\/wp\/v2\/pages"}],"about":[{"href":"https:\/\/retrohandhelds.de\/fr\/wp-json\/wp\/v2\/types\/page"}],"author":[{"embeddable":true,"href":"https:\/\/retrohandhelds.de\/fr\/wp-json\/wp\/v2\/users\/1"}],"replies":[{"embeddable":true,"href":"https:\/\/retrohandhelds.de\/fr\/wp-json\/wp\/v2\/comments?post=5625"}],"version-history":[{"count":4,"href":"https:\/\/retrohandhelds.de\/fr\/wp-json\/wp\/v2\/pages\/5625\/revisions"}],"predecessor-version":[{"id":8618,"href":"https:\/\/retrohandhelds.de\/fr\/wp-json\/wp\/v2\/pages\/5625\/revisions\/8618"}],"wp:attachment":[{"href":"https:\/\/retrohandhelds.de\/fr\/wp-json\/wp\/v2\/media?parent=5625"}],"curies":[{"name":"wp","href":"https:\/\/api.w.org\/{rel}","templated":true}]}}