{"id":7302,"date":"2024-09-06T23:55:39","date_gmt":"2024-09-06T21:55:39","guid":{"rendered":"https:\/\/retrohandhelds.de\/sitemap\/"},"modified":"2024-09-06T23:55:39","modified_gmt":"2024-09-06T21:55:39","slug":"sitemap","status":"publish","type":"page","link":"https:\/\/retrohandhelds.de\/pt-pt\/sitemap\/","title":{"rendered":"Sitemap"},"content":{"rendered":"\n<pre class=\"wp-block-preformatted\"><div class=\"wrap-html-sitemap sp-html-sitemap\"><div class=\"sp-wrap-cpt\"><h2 class=\"sp-cpt-name\">P\u00e1ginas<\/h2><ul class=\"sp-list-posts sp-cpt-hierarchical\"><li class=\"page_item page-item-9353\"><a href=\"https:\/\/retrohandhelds.de\/pt-pt\/widerrufsbelehrung\/\">Cancellation policy<\/a><\/li><li class=\"page_item page-item-9342\"><a href=\"https:\/\/retrohandhelds.de\/pt-pt\/terms-and-conditions\/\">Terms and Conditions<\/a><\/li><li class=\"page_item page-item-7385\"><a href=\"https:\/\/retrohandhelds.de\/pt-pt\/what-is-affiliate-marketing\/\">What is Affiliate Marketing?<\/a><\/li><li class=\"page_item page-item-7357\"><a href=\"https:\/\/retrohandhelds.de\/pt-pt\/dmca-policy\/\">DMCA Policy<\/a><\/li><li class=\"page_item page-item-7302\"><a href=\"https:\/\/retrohandhelds.de\/pt-pt\/sitemap\/\">Sitemap<\/a><\/li><li class=\"page_item page-item-5638\"><a href=\"https:\/\/retrohandhelds.de\/pt-pt\/faq\/\">FAQ<\/a><\/li><li class=\"page_item page-item-5619\"><a href=\"https:\/\/retrohandhelds.de\/pt-pt\/sobre-nos\/\">Sobre n\u00f3s<\/a><\/li><li class=\"page_item page-item-5687\"><a href=\"https:\/\/retrohandhelds.de\/pt-pt\/site-notice\/\">Site Notice<\/a><\/li><li class=\"page_item page-item-5419\"><a href=\"https:\/\/retrohandhelds.de\/pt-pt\/\">P\u00e1gina inicial<\/a><\/li><li class=\"page_item page-item-5722\"><a href=\"https:\/\/retrohandhelds.de\/pt-pt\/privacy-policy\/\">Privacy Policy<\/a><\/li><li class=\"page_item page-item-7090 current_page_parent\"><a href=\"https:\/\/retrohandhelds.de\/pt-pt\/blogue\/\">Blogue<\/a><\/li><li class=\"page_item page-item-5755\"><a href=\"https:\/\/retrohandhelds.de\/pt-pt\/lista-de-desejos\/\">Lista de desejos<\/a><\/li><\/ul><\/div><div class=\"sp-wrap-cpt\"><h2 class=\"sp-cpt-name\">Artigos<\/h2><div class=\"sp-wrap-cats\"><div class=\"sp-wrap-cat\"><h3 class=\"sp-cat-name\"><a href=\"https:\/\/retrohandhelds.de\/pt-pt\/category\/blog-pt-pt\/\">Blog<\/a><\/h3><ul class=\"sp-list-posts\"><li><a href=\"https:\/\/retrohandhelds.de\/pt-pt\/lista-de-jogos-anbernic-rg35xx-plus\/\">Lista de jogos no Anbernic RG35XX Plus<\/a><\/li><li><a href=\"https:\/\/retrohandhelds.de\/pt-pt\/lista-de-jogos-no-r36s\/\">Lista de jogos no R36S<\/a><\/li><li><a href=\"https:\/\/retrohandhelds.de\/pt-pt\/arkos-v2-installation-guide-r36s\/\">Guia de instala\u00e7\u00e3o do ArkOS v2.0 para o R36S: Liberta o potencial do teu computador de m\u00e3o<\/a><\/li><li><a href=\"https:\/\/retrohandhelds.de\/pt-pt\/emuladores-suportados-r36s\/\">Emuladores suportados pelo R36S<\/a><\/li><li><a href=\"https:\/\/retrohandhelds.de\/pt-pt\/jogos-em-r36s\/\">\u00c9 este o n\u00famero de jogos que o R36S tem reservado para si<\/a><\/li><li><a href=\"https:\/\/retrohandhelds.de\/pt-pt\/dados-tecnicos-e-especificacoes-do-r36s\/\">Dados t\u00e9cnicos e especifica\u00e7\u00f5es do R36S<\/a><\/li><\/ul><\/div><div class=\"sp-wrap-cat\"><h3 class=\"sp-cat-name\"><a href=\"https:\/\/retrohandhelds.de\/pt-pt\/category\/reviews-pt-pt\/\">Reviews<\/a><\/h3><\/div><\/div><\/div><\/div><\/pre>\n","protected":false},"excerpt":{"rendered":"","protected":false},"author":1,"featured_media":0,"parent":0,"menu_order":0,"comment_status":"closed","ping_status":"closed","template":"","meta":{"_seopress_robots_primary_cat":"","_seopress_titles_title":"","_seopress_titles_desc":"","_seopress_robots_index":"","footnotes":""},"class_list":["post-7302","page","type-page","status-publish","hentry"],"_links":{"self":[{"href":"https:\/\/retrohandhelds.de\/pt-pt\/wp-json\/wp\/v2\/pages\/7302","targetHints":{"allow":["GET"]}}],"collection":[{"href":"https:\/\/retrohandhelds.de\/pt-pt\/wp-json\/wp\/v2\/pages"}],"about":[{"href":"https:\/\/retrohandhelds.de\/pt-pt\/wp-json\/wp\/v2\/types\/page"}],"author":[{"embeddable":true,"href":"https:\/\/retrohandhelds.de\/pt-pt\/wp-json\/wp\/v2\/users\/1"}],"replies":[{"embeddable":true,"href":"https:\/\/retrohandhelds.de\/pt-pt\/wp-json\/wp\/v2\/comments?post=7302"}],"version-history":[{"count":0,"href":"https:\/\/retrohandhelds.de\/pt-pt\/wp-json\/wp\/v2\/pages\/7302\/revisions"}],"wp:attachment":[{"href":"https:\/\/retrohandhelds.de\/pt-pt\/wp-json\/wp\/v2\/media?parent=7302"}],"curies":[{"name":"wp","href":"https:\/\/api.w.org\/{rel}","templated":true}]}}